{"id":1863,"date":"2024-03-18T03:42:07","date_gmt":"2024-03-18T03:42:07","guid":{"rendered":"https:\/\/conocimiento.situada.online\/?page_id=1863"},"modified":"2024-03-18T20:15:35","modified_gmt":"2024-03-18T20:15:35","slug":"perspectivatecnologica","status":"publish","type":"page","link":"https:\/\/conocimiento.situada.online\/en\/perspectivatecnologica\/","title":{"rendered":"Technological Perspective"},"content":{"rendered":"<div class=\"wp-block-uagb-container uagb-block-fb30280b alignfull uagb-is-root-container\"><div class=\"uagb-container-inner-blocks-wrap\">\n<div style=\"height:150px\" aria-hidden=\"true\" class=\"wp-block-spacer\"><\/div>\n<\/div><\/div>\n\n\n\n<div class=\"wp-block-uagb-container uagb-block-523cf974 alignfull uagb-is-root-container\"><div class=\"uagb-container-inner-blocks-wrap\">\n<div style=\"height:70px\" aria-hidden=\"true\" class=\"wp-block-spacer\"><\/div>\n\n\n\n<div class=\"wp-block-uagb-advanced-heading uagb-block-4666dd3c\"><h2 class=\"uagb-heading-text\"><strong><strong><strong>Perspectives for Inclusive Technology<\/strong><\/strong><\/strong><\/h2><div class=\"uagb-separator\"><\/div><\/div>\n\n\n\n<div class=\"wp-block-uagb-info-box uagb-block-e0f40d17 uagb-infobox__content-wrap  uagb-infobox-icon-above-title uagb-infobox-image-valign-top\"><div class=\"uagb-ifb-content\"><div class=\"uagb-ifb-title-wrap\"><\/div><p class=\"uagb-ifb-desc\">The omnipresence of technology in contemporary life has generated significant transformations in global society (Wajcman, 2006). These changes not only affect social, political, and economic interactions but are also influenced by them, creating a constant feedback loop. Therefore, it is essential to understand that technologies are sociotechnical products that reflect and perpetuate power relations, especially gender.&nbsp;<br><br>The military origin of the Internet stands out: created by white men, which has contributed to male domination in the technological field (Wajcman, 2006). This gender gap is manifested in the low representation of women in key roles in the technology industry (Casta\u00f1o, 2008), which leads to negative consequences, such as the underrepresentation of women in the creation and design of technological systems.<br><br>Furthermore, male dominance in strategic areas has perpetuated gender stereotypes and biases, excluding the interests and desires of women in areas such as the Internet, software development, and video games. A greater presence of women in technology will require the dismantling of hegemonic masculinity and a change in gender power relations. This implies transforming the nature of technological work to make it more inclusive and equitable, allowing the conciliation of different activities and a fairer distribution of responsibilities. Ultimately, this would contribute to creating a technological environment that is more diverse and responsive to gender perspectives and needs (Wajcman, 2006).<br><br>It must be considered that gender biases influence technology's design and marketing, impacting its social makeup (Wacjman, 2008). Also, society and technology are intertwined in a process where users can radically redefine technological meanings. In that sense, it is crucial to recognize that technology is not neutral since ignoring this can lead to harmful uses, such as exploiting Nature and women. In the technological field, women face a digital divide that limits their participation and protagonism, perpetuating gender inequality and discrimination (ECLAC, 2023). Promoting greater female participation in technology and correcting gender biases in algorithms and data sets is essential to achieving more equitable and inclusive technology.<\/p><\/div><\/div>\n\n\n\n<div style=\"height:50px\" aria-hidden=\"true\" class=\"wp-block-spacer\"><\/div>\n<\/div><\/div>\n\n\n\n<div class=\"wp-block-uagb-container uagb-block-822524fe alignfull uagb-is-root-container\"><div class=\"uagb-container-inner-blocks-wrap\">\n<div style=\"height:30px\" aria-hidden=\"true\" class=\"wp-block-spacer\"><\/div>\n\n\n\n<div class=\"wp-block-uagb-info-box uagb-block-fc498dd8 uagb-infobox__content-wrap  uagb-infobox-icon-above-title uagb-infobox-image-valign-top\"><div class=\"uagb-ifb-content\"><div class=\"uagb-ifb-title-wrap\"><h3 class=\"uagb-ifb-title\">References<\/h3><\/div><p class=\"uagb-ifb-desc\">1. Casta\u00f1o, Cecilia (2008): <em>La segunda brecha digital<\/em>. Madrid: C\u00e1tedra.<br>2. Comisi\u00f3n Econ\u00f3mica para Am\u00e9rica Latina y el Caribe (CEPAL) (2023): <em>La igualdad de g\u00e9nero y la autonom\u00eda de las mujeres y las ni\u00f1as en la era digital: aportes de la educaci\u00f3n y la transformaci\u00f3n digital en Am\u00e9rica Latina y el Caribe<\/em>. Santiago de Chile: CEPAL.<br>3. Wajcman, Judith (2006): <em>El Tecno Feminismo<\/em>. Madrid: C\u00e1tedra.<\/p><\/div><\/div>\n<\/div><\/div>\n\n\n\n<div class=\"wp-block-uagb-separator uagb-block-b34ab700\"><div class=\"wp-block-uagb-separator__inner\" style=\"--my-background-image:\"><\/div><\/div>","protected":false},"excerpt":{"rendered":"<p>Perspectives for Inclusive Technology<\/p>","protected":false},"author":1,"featured_media":0,"parent":0,"menu_order":0,"comment_status":"closed","ping_status":"closed","template":"","meta":{"_uag_custom_page_level_css":"","site-sidebar-layout":"no-sidebar","site-content-layout":"page-builder","ast-site-content-layout":"full-width-container","site-content-style":"unboxed","site-sidebar-style":"default","ast-global-header-display":"","ast-banner-title-visibility":"","ast-main-header-display":"","ast-hfb-above-header-display":"","ast-hfb-below-header-display":"","ast-hfb-mobile-header-display":"","site-post-title":"disabled","ast-breadcrumbs-content":"","ast-featured-img":"disabled","footer-sml-layout":"","theme-transparent-header-meta":"enabled","adv-header-id-meta":"","stick-header-meta":"","header-above-stick-meta":"","header-main-stick-meta":"","header-below-stick-meta":"","astra-migrate-meta-layouts":"set","ast-page-background-enabled":"default","ast-page-background-meta":{"desktop":{"background-color":"var(--ast-global-color-4)","background-image":"","background-repeat":"repeat","background-position":"center center","background-size":"auto","background-attachment":"scroll","background-type":"","background-media":"","overlay-type":"","overlay-color":"","overlay-gradient":""},"tablet":{"background-color":"","background-image":"","background-repeat":"repeat","background-position":"center center","background-size":"auto","background-attachment":"scroll","background-type":"","background-media":"","overlay-type":"","overlay-color":"","overlay-gradient":""},"mobile":{"background-color":"","background-image":"","background-repeat":"repeat","background-position":"center center","background-size":"auto","background-attachment":"scroll","background-type":"","background-media":"","overlay-type":"","overlay-color":"","overlay-gradient":""}},"ast-content-background-meta":{"desktop":{"background-color":"var(--ast-global-color-5)","background-image":"","background-repeat":"repeat","background-position":"center center","background-size":"auto","background-attachment":"scroll","background-type":"","background-media":"","overlay-type":"","overlay-color":"","overlay-gradient":""},"tablet":{"background-color":"var(--ast-global-color-5)","background-image":"","background-repeat":"repeat","background-position":"center center","background-size":"auto","background-attachment":"scroll","background-type":"","background-media":"","overlay-type":"","overlay-color":"","overlay-gradient":""},"mobile":{"background-color":"var(--ast-global-color-5)","background-image":"","background-repeat":"repeat","background-position":"center center","background-size":"auto","background-attachment":"scroll","background-type":"","background-media":"","overlay-type":"","overlay-color":"","overlay-gradient":""}},"footnotes":""},"uagb_featured_image_src":{"full":false,"thumbnail":false,"medium":false,"medium_large":false,"large":false,"1536x1536":false,"2048x2048":false,"trp-custom-language-flag":false},"uagb_author_info":{"display_name":"constanza.gonzalezveliz","author_link":"https:\/\/conocimiento.situada.online\/en\/author\/constanza-gonzalezveliz\/"},"uagb_comment_info":0,"uagb_excerpt":"Perspectivas para una Tecnolog\u00eda Inclusiva","_links":{"self":[{"href":"https:\/\/conocimiento.situada.online\/en\/wp-json\/wp\/v2\/pages\/1863"}],"collection":[{"href":"https:\/\/conocimiento.situada.online\/en\/wp-json\/wp\/v2\/pages"}],"about":[{"href":"https:\/\/conocimiento.situada.online\/en\/wp-json\/wp\/v2\/types\/page"}],"author":[{"embeddable":true,"href":"https:\/\/conocimiento.situada.online\/en\/wp-json\/wp\/v2\/users\/1"}],"replies":[{"embeddable":true,"href":"https:\/\/conocimiento.situada.online\/en\/wp-json\/wp\/v2\/comments?post=1863"}],"version-history":[{"count":7,"href":"https:\/\/conocimiento.situada.online\/en\/wp-json\/wp\/v2\/pages\/1863\/revisions"}],"predecessor-version":[{"id":1934,"href":"https:\/\/conocimiento.situada.online\/en\/wp-json\/wp\/v2\/pages\/1863\/revisions\/1934"}],"wp:attachment":[{"href":"https:\/\/conocimiento.situada.online\/en\/wp-json\/wp\/v2\/media?parent=1863"}],"curies":[{"name":"wp","href":"https:\/\/api.w.org\/{rel}","templated":true}]}}