{"id":1847,"date":"2024-03-18T03:08:27","date_gmt":"2024-03-18T03:08:27","guid":{"rendered":"https:\/\/conocimiento.situada.online\/?page_id=1847"},"modified":"2024-03-19T02:40:42","modified_gmt":"2024-03-19T02:40:42","slug":"perspectivafeminista","status":"publish","type":"page","link":"https:\/\/conocimiento.situada.online\/en\/perspectivafeminista\/","title":{"rendered":"Feminist Perspective"},"content":{"rendered":"<div class=\"wp-block-uagb-container uagb-block-fb30280b alignfull uagb-is-root-container\"><div class=\"uagb-container-inner-blocks-wrap\">\n<div style=\"height:150px\" aria-hidden=\"true\" class=\"wp-block-spacer\"><\/div>\n<\/div><\/div>\n\n\n\n<div class=\"wp-block-uagb-container uagb-block-523cf974 alignfull uagb-is-root-container\"><div class=\"uagb-container-inner-blocks-wrap\">\n<div style=\"height:70px\" aria-hidden=\"true\" class=\"wp-block-spacer\"><\/div>\n\n\n\n<div class=\"wp-block-uagb-advanced-heading uagb-block-4666dd3c\"><h2 class=\"uagb-heading-text\"><strong><strong>Feminism, Epistemology, and Social Responsibility<\/strong><\/strong><\/h2><div class=\"uagb-separator\"><\/div><\/div>\n\n\n\n<div class=\"wp-block-uagb-info-box uagb-block-e0f40d17 uagb-infobox__content-wrap  uagb-infobox-icon-above-title uagb-infobox-image-valign-top\"><div class=\"uagb-ifb-content\"><div class=\"uagb-ifb-title-wrap\"><\/div><p class=\"uagb-ifb-desc\">In her 1995 work, Haraway highlights the intersection between feminism and knowledge formation. She notes how the feminist movement has fused knowledge and action to achieve specific goals. This approach has valued shared experience as an essential element for mobilizing and constructing a collective identity despite the inherent contradictions that may arise.\u00a0<br><br>Awareness of social injustices, such as gender, race, and class, has been a significant achievement in response to historical oppression. Feminist epistemology has allowed women to have a voice, authority, and agency in scientific research, challenging patriarchal and colonial systems. Haraway highlights the importance of situated knowledge, arguing that the position from which knowledge is produced implies an ethical responsibility.<br><br>Situated knowledge is constructed from a conscious perspective of power structures and social relations, recognizing the need to represent the subject as an actor and agent, not as a resource. This approach also addresses the need to develop an awareness of the categories imposed by oppressive systems, such as patriarchy and colonialism. It recognizes the responsibility of those who produce knowledge in specific social, cultural, and political contexts.<br><br>Understanding the distribution of knowledge is important, as this influences inequalities between people and nations. Unequal access to information can limit development and social well-being (Espinoza &amp; Jackson, 2019). Along these lines, it is suggested that universities can play a crucial role in creating collective knowledge by collaborating with local communities (Levine, 2016).<br><br>New digital technologies are transforming society and offering women participation opportunities, which can reconfigure knowledge-creation processes (Wajcman, 2006). Including the feminist perspective in science and technology is essential to address the gender gap, challenging the perceived neutrality and objectivity in scientific and technological research. This approach seeks to promote inclusive and equitable processes, recognizing the diversity of perspectives and the contribution of women in the construction of knowledge. The lack of a gender perspective and technological determinism can perpetuate gender inequalities and reproduce structural asymmetries, according to CEPAL (2023).<\/p><\/div><\/div>\n\n\n\n<div style=\"height:50px\" aria-hidden=\"true\" class=\"wp-block-spacer\"><\/div>\n<\/div><\/div>\n\n\n\n<div class=\"wp-block-uagb-container uagb-block-822524fe alignfull uagb-is-root-container\"><div class=\"uagb-container-inner-blocks-wrap\">\n<div style=\"height:30px\" aria-hidden=\"true\" class=\"wp-block-spacer\"><\/div>\n\n\n\n<div class=\"wp-block-uagb-info-box uagb-block-fc498dd8 uagb-infobox__content-wrap  uagb-infobox-icon-above-title uagb-infobox-image-valign-top\"><div class=\"uagb-ifb-content\"><div class=\"uagb-ifb-title-wrap\"><h3 class=\"uagb-ifb-title\">References<\/h3><\/div><p class=\"uagb-ifb-desc\">1. Comisi\u00f3n Econ\u00f3mica para Am\u00e9rica Latina y el Caribe (CEPAL) (2023): <em>La igualdad de g\u00e9nero y la autonom\u00eda de las mujeres y las ni\u00f1as en la era digital: aportes de la educaci\u00f3n y la transformaci\u00f3n digital en Am\u00e9rica Latina y el Caribe<\/em>. Santiago de Chile: CEPAL.<br>2. Haraway, Donna (1995): <em>Ciencia, Cyborgs y Mujeres. La Reinvenci\u00f3n de la Naturaleza<\/em>. Madrid: C\u00e1tedra.<br>3. Levine, P. (2016). La acci\u00f3n colectiva, el compromiso c\u00edvico y el conocimiento como bien com\u00fan. En Hess, Ch. y Ostrom, E. (2016) <em>Bienes Comunes del Conocimiento<\/em>.&nbsp; Traficantes de sue\u00f1os y IAEN. Quito, Ecuador.<br>4. Wajcman, Judith (2006): <em>El Tecno Feminismo<\/em>. Madrid: C\u00e1tedra.<\/p><\/div><\/div>\n\n\n\n<div class=\"wp-block-uagb-separator uagb-block-bc9be49a\"><div class=\"wp-block-uagb-separator__inner\" style=\"--my-background-image:\"><\/div><\/div>\n<\/div><\/div>","protected":false},"excerpt":{"rendered":"<p>Feminism, Epistemology, and Social Responsibility<\/p>","protected":false},"author":1,"featured_media":0,"parent":0,"menu_order":0,"comment_status":"closed","ping_status":"closed","template":"","meta":{"_uag_custom_page_level_css":"","site-sidebar-layout":"no-sidebar","site-content-layout":"page-builder","ast-site-content-layout":"full-width-container","site-content-style":"unboxed","site-sidebar-style":"default","ast-global-header-display":"","ast-banner-title-visibility":"","ast-main-header-display":"","ast-hfb-above-header-display":"","ast-hfb-below-header-display":"","ast-hfb-mobile-header-display":"","site-post-title":"disabled","ast-breadcrumbs-content":"","ast-featured-img":"disabled","footer-sml-layout":"","theme-transparent-header-meta":"enabled","adv-header-id-meta":"","stick-header-meta":"","header-above-stick-meta":"","header-main-stick-meta":"","header-below-stick-meta":"","astra-migrate-meta-layouts":"set","ast-page-background-enabled":"default","ast-page-background-meta":{"desktop":{"background-color":"var(--ast-global-color-4)","background-image":"","background-repeat":"repeat","background-position":"center center","background-size":"auto","background-attachment":"scroll","background-type":"","background-media":"","overlay-type":"","overlay-color":"","overlay-gradient":""},"tablet":{"background-color":"","background-image":"","background-repeat":"repeat","background-position":"center center","background-size":"auto","background-attachment":"scroll","background-type":"","background-media":"","overlay-type":"","overlay-color":"","overlay-gradient":""},"mobile":{"background-color":"","background-image":"","background-repeat":"repeat","background-position":"center center","background-size":"auto","background-attachment":"scroll","background-type":"","background-media":"","overlay-type":"","overlay-color":"","overlay-gradient":""}},"ast-content-background-meta":{"desktop":{"background-color":"var(--ast-global-color-5)","background-image":"","background-repeat":"repeat","background-position":"center center","background-size":"auto","background-attachment":"scroll","background-type":"","background-media":"","overlay-type":"","overlay-color":"","overlay-gradient":""},"tablet":{"background-color":"var(--ast-global-color-5)","background-image":"","background-repeat":"repeat","background-position":"center center","background-size":"auto","background-attachment":"scroll","background-type":"","background-media":"","overlay-type":"","overlay-color":"","overlay-gradient":""},"mobile":{"background-color":"var(--ast-global-color-5)","background-image":"","background-repeat":"repeat","background-position":"center center","background-size":"auto","background-attachment":"scroll","background-type":"","background-media":"","overlay-type":"","overlay-color":"","overlay-gradient":""}},"footnotes":""},"uagb_featured_image_src":{"full":false,"thumbnail":false,"medium":false,"medium_large":false,"large":false,"1536x1536":false,"2048x2048":false,"trp-custom-language-flag":false},"uagb_author_info":{"display_name":"constanza.gonzalezveliz","author_link":"https:\/\/conocimiento.situada.online\/en\/author\/constanza-gonzalezveliz\/"},"uagb_comment_info":0,"uagb_excerpt":"Feminismo, Epistemolog\u00eda y Responsabilidad Social","_links":{"self":[{"href":"https:\/\/conocimiento.situada.online\/en\/wp-json\/wp\/v2\/pages\/1847"}],"collection":[{"href":"https:\/\/conocimiento.situada.online\/en\/wp-json\/wp\/v2\/pages"}],"about":[{"href":"https:\/\/conocimiento.situada.online\/en\/wp-json\/wp\/v2\/types\/page"}],"author":[{"embeddable":true,"href":"https:\/\/conocimiento.situada.online\/en\/wp-json\/wp\/v2\/users\/1"}],"replies":[{"embeddable":true,"href":"https:\/\/conocimiento.situada.online\/en\/wp-json\/wp\/v2\/comments?post=1847"}],"version-history":[{"count":14,"href":"https:\/\/conocimiento.situada.online\/en\/wp-json\/wp\/v2\/pages\/1847\/revisions"}],"predecessor-version":[{"id":1940,"href":"https:\/\/conocimiento.situada.online\/en\/wp-json\/wp\/v2\/pages\/1847\/revisions\/1940"}],"wp:attachment":[{"href":"https:\/\/conocimiento.situada.online\/en\/wp-json\/wp\/v2\/media?parent=1847"}],"curies":[{"name":"wp","href":"https:\/\/api.w.org\/{rel}","templated":true}]}}