{"id":1322,"date":"2022-02-24T05:02:56","date_gmt":"2022-02-24T05:02:56","guid":{"rendered":"https:\/\/conocimiento.situada.online\/index.php\/home\/"},"modified":"2024-09-14T00:15:14","modified_gmt":"2024-09-14T00:15:14","slug":"inicio","status":"publish","type":"page","link":"https:\/\/conocimiento.situada.online\/en\/","title":{"rendered":"Home"},"content":{"rendered":"<div class=\"wp-block-uagb-container uagb-block-494c42c4 alignfull uagb-is-root-container\"><div class=\"uagb-container-inner-blocks-wrap\">\n<div class=\"wp-block-uagb-advanced-heading uagb-block-b6b60c01\"><h1 class=\"uagb-heading-text\">Situated Knowledge<\/h1><\/div>\n\n\n\n<div class=\"wp-block-uagb-advanced-heading uagb-block-82ac94c0\"><h2 class=\"uagb-heading-text\">Feminist Perspectives and Technological Transformation<\/h2><\/div>\n<\/div><\/div>\n\n\n\n<div class=\"wp-block-uagb-container uagb-block-5fcee4f8 alignfull uagb-is-root-container\"><div class=\"uagb-container-inner-blocks-wrap\">\n<div class=\"wp-block-uagb-advanced-heading uagb-block-2b5f3149\"><h2 class=\"uagb-heading-text\">The feminist perspective on situated knowledge examines its influence on the social configuration of technology and addresses gender inequalities<\/h2><div class=\"uagb-separator\"><\/div><\/div>\n\n\n\n<div class=\"wp-block-uagb-advanced-heading uagb-block-0126d680\"><h2 class=\"uagb-heading-text\">This approach allows us to examine how specific gender experiences and perspectives impact the creation, development, and use of technological tools. By considering how knowledge is produced and applied in diverse social, cultural, and political environments, we can identify and challenge the underlying power structures that perpetuate gender exclusion and discrimination in the technological sphere.&nbsp;<\/h2><\/div>\n\n\n\n<div style=\"height:5px\" aria-hidden=\"true\" class=\"wp-block-spacer\"><\/div>\n\n\n\n<div class=\"wp-block-uagb-container uagb-block-ed2081ea\">\n<div class=\"wp-block-uagb-container uagb-block-4eeee70a\">\n<div class=\"wp-block-uagb-info-box uagb-block-56d081d1 uagb-infobox__content-wrap  uagb-infobox-icon-above-title uagb-infobox-image-valign-top\"><div class=\"uagb-ifb-content\"><div class=\"uagb-ifb-image-content\"><img decoding=\"async\" src=\"https:\/\/conocimiento.situada.online\/wp-content\/uploads\/2024\/03\/Portada_perspectiva-feminista-1-scaled.jpg\" alt=\"\" width=\"2560\" height=\"1707\" loading=\"lazy\"\/><\/div><div class=\"uagb-ifb-title-wrap\"><h3 class=\"uagb-ifb-title\"><strong><strong>Feminism, Epistemology, and Social Responsibility<\/strong><\/strong><\/h3><\/div><p class=\"uagb-ifb-desc\">The feminist perspective of situated knowledge challenges social injustices by fusing knowledge and action against patriarchy and colonialism. It highlights the equitable distribution of knowledge and the inclusion of women in science and technology to promote equitable knowledge-construction processes.<\/p><div class=\"uagb-ifb-button-wrapper wp-block-button\"><a href=\"https:\/\/conocimiento.situada.online\/en\/perspectivafeminista\/\" class=\"uagb-infobox-cta-link wp-block-button__link\" target=\"_self\" rel=\"noopener noreferrer\" onclick=\"return true;\" alt=\"\"><span class=\"uagb-inline-editing\">Read more<\/span><svg xmlns=\"https:\/\/www.w3.org\/2000\/svg\" viewbox=\"0 0 512 512\"><path d=\"M504.3 273.6l-112.1 104c-6.992 6.484-17.18 8.218-25.94 4.406c-8.758-3.812-14.42-12.45-14.42-21.1L351.9 288H32C14.33 288 .0002 273.7 .0002 255.1S14.33 224 32 224h319.9l0-72c0-9.547 5.66-18.19 14.42-22c8.754-3.809 18.95-2.075 25.94 4.41l112.1 104C514.6 247.9 514.6 264.1 504.3 273.6z\"><\/path><\/svg><\/a><\/div><\/div><\/div>\n<\/div>\n\n\n\n<div class=\"wp-block-uagb-container uagb-block-de9dc289\">\n<div class=\"wp-block-uagb-info-box uagb-block-b483e0d5 uagb-infobox__content-wrap  uagb-infobox-icon-above-title uagb-infobox-image-valign-top\"><div class=\"uagb-ifb-content\"><div class=\"uagb-ifb-image-content\"><img decoding=\"async\" src=\"https:\/\/conocimiento.situada.online\/wp-content\/uploads\/2024\/03\/Portada_Inclusion-tecnologica-scaled.jpg\" alt=\"\" width=\"2560\" height=\"1706\" loading=\"lazy\"\/><\/div><div class=\"uagb-ifb-title-wrap\"><h3 class=\"uagb-ifb-title\"><strong><strong>Perspectives for Inclusive Technology<\/strong><\/strong><\/h3><\/div><p class=\"uagb-ifb-desc\">As a sociotechnical product, technology reflects and perpetuates gender power relations, manifested in the low representation of women in key technological roles. Including women involves challenging hegemonic masculinity and transforming technological work toward gender equality and diversity.<\/p><div class=\"uagb-ifb-button-wrapper wp-block-button\"><a href=\"https:\/\/conocimiento.situada.online\/en\/perspectivatecnologica\/\" class=\"uagb-infobox-cta-link wp-block-button__link\" target=\"_self\" rel=\"noopener noreferrer\" onclick=\"return true;\" alt=\"\"><span class=\"uagb-inline-editing\">Read more<\/span><svg xmlns=\"https:\/\/www.w3.org\/2000\/svg\" viewbox=\"0 0 512 512\"><path d=\"M504.3 273.6l-112.1 104c-6.992 6.484-17.18 8.218-25.94 4.406c-8.758-3.812-14.42-12.45-14.42-21.1L351.9 288H32C14.33 288 .0002 273.7 .0002 255.1S14.33 224 32 224h319.9l0-72c0-9.547 5.66-18.19 14.42-22c8.754-3.809 18.95-2.075 25.94 4.41l112.1 104C514.6 247.9 514.6 264.1 504.3 273.6z\"><\/path><\/svg><\/a><\/div><\/div><\/div>\n<\/div>\n\n\n\n<div class=\"wp-block-uagb-container uagb-block-6edb74a0\">\n<div class=\"wp-block-uagb-info-box uagb-block-09a88236 uagb-infobox__content-wrap  uagb-infobox-icon-above-title uagb-infobox-image-valign-top\"><div class=\"uagb-ifb-content\"><div class=\"uagb-ifb-image-content\"><img decoding=\"async\" src=\"https:\/\/conocimiento.situada.online\/wp-content\/uploads\/2024\/03\/Portada_transformacion-tecnosocial-scaled.jpg\" alt=\"\" width=\"2560\" height=\"1707\" loading=\"lazy\"\/><\/div><div class=\"uagb-ifb-title-wrap\"><h3 class=\"uagb-ifb-title\"><strong>Technology as a Tool for Social Transformation <\/strong><\/h3><\/div><p class=\"uagb-ifb-desc\">Technology is essential to society, but its development can ignore important perspectives, such as women's, resulting in an incomplete technological construction. For a fair digital society, it is necessary to address gender stereotypes and promote women's inclusion in technology.<\/p><div class=\"uagb-ifb-button-wrapper wp-block-button\"><a href=\"https:\/\/conocimiento.situada.online\/en\/transformaciontecnosocial\/\" class=\"uagb-infobox-cta-link wp-block-button__link\" target=\"_self\" rel=\"noopener noreferrer\" onclick=\"return true;\" alt=\"\"><span class=\"uagb-inline-editing\">Read more<\/span><svg xmlns=\"https:\/\/www.w3.org\/2000\/svg\" viewbox=\"0 0 512 512\"><path d=\"M504.3 273.6l-112.1 104c-6.992 6.484-17.18 8.218-25.94 4.406c-8.758-3.812-14.42-12.45-14.42-21.1L351.9 288H32C14.33 288 .0002 273.7 .0002 255.1S14.33 224 32 224h319.9l0-72c0-9.547 5.66-18.19 14.42-22c8.754-3.809 18.95-2.075 25.94 4.41l112.1 104C514.6 247.9 514.6 264.1 504.3 273.6z\"><\/path><\/svg><\/a><\/div><\/div><\/div>\n<\/div>\n<\/div>\n<\/div><\/div>\n\n\n\n<div class=\"wp-block-uagb-container uagb-block-fb32e4bf alignfull uagb-is-root-container\"><div class=\"uagb-container-inner-blocks-wrap\">\n<div class=\"wp-block-uagb-testimonial uagb-slick-carousel uagb-tm__arrow-outside uagb-block-9c9f7caf uagb-post__carousel_notset uagb-post__carousel_notset-tablet uagb-post__carousel_notset-mobile\"><div class=\"is-carousel uagb-tm__columns-1 uagb-tm__items\"><div class=\"uagb-testimonial__wrap  uagb-tm__imgicon-style-circle uagb-tm__image-position-top uagb-tm__bg-type-none\"><div class=\"uagb-tm__content\"><div class=\"uagb-tm__overlay\"><\/div><div class=\"uagb-tm__image-content\"><div class=\"uagb-tm__image\"><img decoding=\"async\" class=\"uagb-tm-img-src\" src=\"https:\/\/conocimiento.situada.online\/wp-content\/uploads\/2024\/03\/cropped-cropped-Conocimiento_logos11-150x150.png\" alt=\"\" width=\"80\" height=\"80\" loading=\"lazy\"\/><\/div><\/div><div class=\"uagb-tm__text-wrap\"><div class=\"uagb-tm__desc\">Knowledge situated from a feminist perspective provides a critical lens through which it is possible to understand and address gender inequities in technology.<\/div><div class=\"uagb-tm__meta-inner\"><div class=\"uagb-testimonial-details\"><span class=\"uagb-tm__author-name\"><\/span><span class=\"uagb-tm__company\"><\/span><\/div><\/div><\/div><\/div><\/div><\/div><\/div>\n<\/div><\/div>\n\n\n\n<div class=\"wp-block-uagb-container uagb-block-05a4a518 alignfull uagb-is-root-container\"><div class=\"uagb-container-inner-blocks-wrap\">\n<div class=\"wp-block-uagb-info-box uagb-block-9a97965e uagb-infobox__content-wrap  uagb-infobox-icon-above-title uagb-infobox-image-valign-top\"><div class=\"uagb-ifb-content\"><div class=\"uagb-ifb-title-wrap\"><h1 class=\"uagb-ifb-title\">situada.online<\/h1><\/div><p class=\"uagb-ifb-desc\">From a critical perspective, we explore and question the power dynamics in technology in Latin America and the Caribbean, seeking to transform them towards a more socially just world.<\/p><div class=\"uagb-ifb-button-wrapper wp-block-button\"><a href=\"https:\/\/situada.online\/\" class=\"uagb-infobox-cta-link wp-block-button__link\" target=\"_blank\" rel=\"noopener noreferrer\" onclick=\"return true;\" alt=\"\"><span class=\"uagb-inline-editing\">Read more<\/span><svg xmlns=\"https:\/\/www.w3.org\/2000\/svg\" viewbox=\"0 0 448 512\"><path d=\"M438.6 278.6l-160 160C272.4 444.9 264.2 448 256 448s-16.38-3.125-22.62-9.375c-12.5-12.5-12.5-32.75 0-45.25L338.8 288H32C14.33 288 .0016 273.7 .0016 256S14.33 224 32 224h306.8l-105.4-105.4c-12.5-12.5-12.5-32.75 0-45.25s32.75-12.5 45.25 0l160 160C451.1 245.9 451.1 266.1 438.6 278.6z\"><\/path><\/svg><\/a><\/div><\/div><\/div>\n<\/div><\/div>","protected":false},"excerpt":{"rendered":"<p>Conocimientos Situados Perspectivas Feministas y Transformaci\u00f3n Tecnol\u00f3gica La perspectiva feminista sobre los conocimientos situados examina su influencia en la configuraci\u00f3n social de la tecnolog\u00eda y aborda las desigualdades de g\u00e9nero Este enfoque permite examinar c\u00f3mo las experiencias y perspectivas espec\u00edficas de g\u00e9nero impactan en la creaci\u00f3n, desarrollo y uso de las herramientas tecnol\u00f3gicas. Al considerar [&hellip;]<\/p>","protected":false},"author":1,"featured_media":0,"parent":0,"menu_order":0,"comment_status":"closed","ping_status":"closed","template":"","meta":{"_uag_custom_page_level_css":"","site-sidebar-layout":"no-sidebar","site-content-layout":"page-builder","ast-site-content-layout":"full-width-container","site-content-style":"unboxed","site-sidebar-style":"unboxed","ast-global-header-display":"","ast-banner-title-visibility":"","ast-main-header-display":"","ast-hfb-above-header-display":"","ast-hfb-below-header-display":"","ast-hfb-mobile-header-display":"","site-post-title":"disabled","ast-breadcrumbs-content":"","ast-featured-img":"disabled","footer-sml-layout":"","theme-transparent-header-meta":"enabled","adv-header-id-meta":"","stick-header-meta":"","header-above-stick-meta":"","header-main-stick-meta":"","header-below-stick-meta":"","astra-migrate-meta-layouts":"set","ast-page-background-enabled":"default","ast-page-background-meta":{"desktop":{"background-color":"var(--ast-global-color-4)","background-image":"","background-repeat":"repeat","background-position":"center center","background-size":"auto","background-attachment":"scroll","background-type":"","background-media":"","overlay-type":"","overlay-color":"","overlay-gradient":""},"tablet":{"background-color":"","background-image":"","background-repeat":"repeat","background-position":"center center","background-size":"auto","background-attachment":"scroll","background-type":"","background-media":"","overlay-type":"","overlay-color":"","overlay-gradient":""},"mobile":{"background-color":"","background-image":"","background-repeat":"repeat","background-position":"center center","background-size":"auto","background-attachment":"scroll","background-type":"","background-media":"","overlay-type":"","overlay-color":"","overlay-gradient":""}},"ast-content-background-meta":{"desktop":{"background-color":"var(--ast-global-color-5)","background-image":"","background-repeat":"repeat","background-position":"center center","background-size":"auto","background-attachment":"scroll","background-type":"","background-media":"","overlay-type":"","overlay-color":"","overlay-gradient":""},"tablet":{"background-color":"var(--ast-global-color-5)","background-image":"","background-repeat":"repeat","background-position":"center center","background-size":"auto","background-attachment":"scroll","background-type":"","background-media":"","overlay-type":"","overlay-color":"","overlay-gradient":""},"mobile":{"background-color":"var(--ast-global-color-5)","background-image":"","background-repeat":"repeat","background-position":"center center","background-size":"auto","background-attachment":"scroll","background-type":"","background-media":"","overlay-type":"","overlay-color":"","overlay-gradient":""}},"footnotes":""},"uagb_featured_image_src":{"full":false,"thumbnail":false,"medium":false,"medium_large":false,"large":false,"1536x1536":false,"2048x2048":false,"trp-custom-language-flag":false},"uagb_author_info":{"display_name":"constanza.gonzalezveliz","author_link":"https:\/\/conocimiento.situada.online\/en\/author\/constanza-gonzalezveliz\/"},"uagb_comment_info":0,"uagb_excerpt":"Conocimientos Situados Perspectivas Feministas y Transformaci\u00f3n Tecnol\u00f3gica La perspectiva feminista sobre los conocimientos situados examina su influencia en la configuraci\u00f3n social de la tecnolog\u00eda y aborda las desigualdades de g\u00e9nero Este enfoque permite examinar c\u00f3mo las experiencias y perspectivas espec\u00edficas de g\u00e9nero impactan en la creaci\u00f3n, desarrollo y uso de las herramientas tecnol\u00f3gicas. Al considerar&hellip;","_links":{"self":[{"href":"https:\/\/conocimiento.situada.online\/en\/wp-json\/wp\/v2\/pages\/1322"}],"collection":[{"href":"https:\/\/conocimiento.situada.online\/en\/wp-json\/wp\/v2\/pages"}],"about":[{"href":"https:\/\/conocimiento.situada.online\/en\/wp-json\/wp\/v2\/types\/page"}],"author":[{"embeddable":true,"href":"https:\/\/conocimiento.situada.online\/en\/wp-json\/wp\/v2\/users\/1"}],"replies":[{"embeddable":true,"href":"https:\/\/conocimiento.situada.online\/en\/wp-json\/wp\/v2\/comments?post=1322"}],"version-history":[{"count":39,"href":"https:\/\/conocimiento.situada.online\/en\/wp-json\/wp\/v2\/pages\/1322\/revisions"}],"predecessor-version":[{"id":1958,"href":"https:\/\/conocimiento.situada.online\/en\/wp-json\/wp\/v2\/pages\/1322\/revisions\/1958"}],"wp:attachment":[{"href":"https:\/\/conocimiento.situada.online\/en\/wp-json\/wp\/v2\/media?parent=1322"}],"curies":[{"name":"wp","href":"https:\/\/api.w.org\/{rel}","templated":true}]}}